{"id":16360,"date":"2023-11-15T15:29:54","date_gmt":"2023-11-15T15:29:54","guid":{"rendered":"https:\/\/didadental.al\/?page_id=16360"},"modified":"2023-11-15T15:33:02","modified_gmt":"2023-11-15T15:33:02","slug":"na-kontaktoni","status":"publish","type":"page","link":"https:\/\/didadental.al\/?page_id=16360","title":{"rendered":"Na kontaktoni"},"content":{"rendered":"\t\t<div data-elementor-type=\"wp-page\" data-elementor-id=\"16360\" class=\"elementor elementor-16360\">\n\t\t\t\t\t\t\t\t\t<section data-particle_enable=\"false\" data-particle-mobile-disabled=\"false\" class=\"elementor-section elementor-top-section elementor-element elementor-element-36e42aba elementor-section-stretched elementor-section-height-min-height elementor-section-boxed elementor-section-height-default elementor-section-items-middle\" data-id=\"36e42aba\" data-element_type=\"section\" data-settings=\"{&quot;stretch_section&quot;:&quot;section-stretched&quot;,&quot;background_background&quot;:&quot;classic&quot;}\">\n\t\t\t\t\t\t\t<div class=\"elementor-background-overlay\"><\/div>\n\t\t\t\t\t\t\t<div class=\"elementor-container elementor-column-gap-default\">\n\t\t\t\t\t<div class=\"elementor-column elementor-col-100 elementor-top-column elementor-element elementor-element-5db7f30\" data-id=\"5db7f30\" data-element_type=\"column\">\n\t\t\t<div class=\"elementor-widget-wrap elementor-element-populated\">\n\t\t\t\t\t\t\t\t<section data-particle_enable=\"false\" data-particle-mobile-disabled=\"false\" class=\"elementor-section elementor-inner-section elementor-element elementor-element-22e732ef elementor-section-boxed elementor-section-height-default elementor-section-height-default\" data-id=\"22e732ef\" data-element_type=\"section\">\n\t\t\t\t\t\t<div class=\"elementor-container elementor-column-gap-default\">\n\t\t\t\t\t<div class=\"elementor-column elementor-col-100 elementor-inner-column elementor-element elementor-element-6db5a98b\" data-id=\"6db5a98b\" data-element_type=\"column\">\n\t\t\t<div class=\"elementor-widget-wrap elementor-element-populated\">\n\t\t\t\t\t\t\t\t<div class=\"elementor-element elementor-element-4e1729e4 elementor-widget elementor-widget-spacer\" data-id=\"4e1729e4\" data-element_type=\"widget\" data-widget_type=\"spacer.default\">\n\t\t\t\t<div class=\"elementor-widget-container\">\n\t\t\t\t\t<div class=\"elementor-spacer\">\n\t\t\t<div class=\"elementor-spacer-inner\"><\/div>\n\t\t<\/div>\n\t\t\t\t<\/div>\n\t\t\t\t<\/div>\n\t\t\t\t\t<\/div>\n\t\t<\/div>\n\t\t\t\t\t\t\t<\/div>\n\t\t<\/section>\n\t\t\t\t<section data-particle_enable=\"false\" data-particle-mobile-disabled=\"false\" class=\"elementor-section elementor-inner-section elementor-element elementor-element-63cbdc16 elementor-section-boxed elementor-section-height-default elementor-section-height-default\" data-id=\"63cbdc16\" data-element_type=\"section\">\n\t\t\t\t\t\t<div class=\"elementor-container elementor-column-gap-default\">\n\t\t\t\t\t<div class=\"elementor-column elementor-col-100 elementor-inner-column elementor-element elementor-element-594bbf3e\" data-id=\"594bbf3e\" data-element_type=\"column\">\n\t\t\t<div class=\"elementor-widget-wrap\">\n\t\t\t\t\t\t\t\t\t<\/div>\n\t\t<\/div>\n\t\t\t\t\t\t\t<\/div>\n\t\t<\/section>\n\t\t\t\t\t<\/div>\n\t\t<\/div>\n\t\t\t\t\t\t\t<\/div>\n\t\t<\/section>\n\t\t\t\t<section data-particle_enable=\"false\" data-particle-mobile-disabled=\"false\" class=\"elementor-section elementor-top-section elementor-element elementor-element-3816a1e7 elementor-section-stretched elementor-section-boxed elementor-section-height-default elementor-section-height-default\" data-id=\"3816a1e7\" data-element_type=\"section\" data-settings=\"{&quot;stretch_section&quot;:&quot;section-stretched&quot;}\">\n\t\t\t\t\t\t<div class=\"elementor-container elementor-column-gap-default\">\n\t\t\t\t\t<div class=\"elementor-column elementor-col-33 elementor-top-column elementor-element elementor-element-428c565c\" data-id=\"428c565c\" data-element_type=\"column\">\n\t\t\t<div class=\"elementor-widget-wrap elementor-element-populated\">\n\t\t\t\t\t\t\t\t<section data-particle_enable=\"false\" data-particle-mobile-disabled=\"false\" class=\"elementor-section elementor-inner-section elementor-element elementor-element-3724a3b6 widget-border-left elementor-section-boxed elementor-section-height-default elementor-section-height-default\" data-id=\"3724a3b6\" data-element_type=\"section\" data-settings=\"{&quot;background_background&quot;:&quot;classic&quot;}\">\n\t\t\t\t\t\t\t<div class=\"elementor-background-overlay\"><\/div>\n\t\t\t\t\t\t\t<div class=\"elementor-container elementor-column-gap-no\">\n\t\t\t\t\t<div class=\"elementor-column elementor-col-100 elementor-inner-column elementor-element elementor-element-247199ab\" data-id=\"247199ab\" data-element_type=\"column\">\n\t\t\t<div class=\"elementor-widget-wrap elementor-element-populated\">\n\t\t\t\t\t\t\t\t<div class=\"elementor-element elementor-element-44b7c069 elementor-view-default elementor-widget elementor-widget-icon\" data-id=\"44b7c069\" data-element_type=\"widget\" data-widget_type=\"icon.default\">\n\t\t\t\t<div class=\"elementor-widget-container\">\n\t\t\t\t\t<div class=\"elementor-icon-wrapper\">\n\t\t\t<div class=\"elementor-icon elementor-animation-wobble-vertical\">\n\t\t\t<svg xmlns=\"http:\/\/www.w3.org\/2000\/svg\" viewBox=\"0 0 64 64\"><g><path d=\"M59.677,26.117a4.039,4.039,0,0,0-5.595,2.739L51.813,37.31a4.014,4.014,0,0,0-4.374-.037c-.175.114-9.3,5.938-9.3,5.939A10.94,10.94,0,0,0,33,52.522V62h2V52.522A8.955,8.955,0,0,1,39.213,44.9s9.137-5.835,9.311-5.948a2.011,2.011,0,0,1,2.5.269,2,2,0,0,1,.054,2.772l-5.832,4.1A1,1,0,0,0,45,47.485h0a1,1,0,0,0,1.393.243l5.91-4.153.132-.112a3.945,3.945,0,0,0,.921-4.187l2.658-9.9a2.106,2.106,0,0,1,2.379-1.595,2.007,2.007,0,0,1,1.587,1.95,1.963,1.963,0,0,1-.066.521l-3.6,13.456a3,3,0,0,1-.776,1.344L48.05,52.536A7,7,0,0,0,46,57.485V62h2V57.486a5,5,0,0,1,1.465-3.536l7.484-7.485a5,5,0,0,0,1.294-2.242l3.6-13.452a4.06,4.06,0,0,0,.117-1.433A4.014,4.014,0,0,0,59.677,26.117Z\"><\/path><path d=\"M25.864,43.216c-2.791-1.787-9.309-5.959-9.56-6.095a4.017,4.017,0,0,0-4.117.191l-2.27-8.456a4.019,4.019,0,0,0-6.48-2.175,3.7,3.7,0,0,0-1.189,1.667,4.205,4.205,0,0,0-.094,2.421l3.6,13.454a5,5,0,0,0,1.294,2.243l7.485,7.485A5,5,0,0,1,16,57.485V62h2V57.486a7,7,0,0,0-2.051-4.95L8.465,45.052a3,3,0,0,1-.776-1.344l-3.6-13.459a1.979,1.979,0,0,1-.065-.519,2.006,2.006,0,0,1,1.588-1.95,2.113,2.113,0,0,1,2.377,1.595l2.659,9.9a3.943,3.943,0,0,0,.921,4.186l6.042,4.263A1,1,0,0,0,19,47.485h0a1,1,0,0,0-.243-1.393l-5.832-4.1a2,2,0,0,1,.053-2.772,2.005,2.005,0,0,1,2.352-.354c.315.186,5.827,3.71,9.462,6.037A8.952,8.952,0,0,1,29,52.522V62h2V52.522A10.938,10.938,0,0,0,25.864,43.216Z\"><\/path><path d=\"M50.516,6.432A12.906,12.906,0,0,0,41.35,2.65c-3.639,0-7.022,2.629-9.221,4.837l-.144.144-.158-.158c-2.2-2.2-5.571-4.813-9.187-4.813a13,13,0,0,0-9.176,22.217L32,42.373,50.569,24.815a12.991,12.991,0,0,0-.053-18.383ZM49.172,23.385,32,39.627,14.857,23.443A11.005,11.005,0,0,1,22.64,4.66c2.931,0,5.845,2.3,7.773,4.228L32,10.468,33.549,8.9c2.726-2.738,5.5-4.246,7.8-4.246a11,11,0,0,1,7.822,18.735Z\"><\/path><path d=\"M35,28V24h4V18H35V14H29v4H25v6h4v4Zm-8-6V20h4V16h2v4h4v2H33v4H31V22Z\"><\/path><\/g><\/svg>\t\t\t<\/div>\n\t\t<\/div>\n\t\t\t\t<\/div>\n\t\t\t\t<\/div>\n\t\t\t\t<div class=\"elementor-element elementor-element-62b42d5c elementor-widget elementor-widget-heading\" data-id=\"62b42d5c\" data-element_type=\"widget\" data-widget_type=\"heading.default\">\n\t\t\t\t<div class=\"elementor-widget-container\">\n\t\t\t<h3 class=\"elementor-heading-title elementor-size-default\">Orari i hapjes<\/h3>\t\t<\/div>\n\t\t\t\t<\/div>\n\t\t\t\t<div class=\"elementor-element elementor-element-4120568c elementor-widget elementor-widget-text-editor\" data-id=\"4120568c\" data-element_type=\"widget\" data-widget_type=\"text-editor.default\">\n\t\t\t\t<div class=\"elementor-widget-container\">\n\t\t\t\t\t\t\t<div style=\"display: flex; flex-wrap:wrap; justify-content:space-between;\"><span>Monday &#8211; Friday<\/span> 8.00 &#8211; 7:00 pm<\/div>\t\t\t\t\t\t<\/div>\n\t\t\t\t<\/div>\n\t\t\t\t<div class=\"elementor-element elementor-element-3863f1a4 elementor-widget elementor-widget-text-editor\" data-id=\"3863f1a4\" data-element_type=\"widget\" data-widget_type=\"text-editor.default\">\n\t\t\t\t<div class=\"elementor-widget-container\">\n\t\t\t\t\t\t\t<div style=\"display: flex; flex-wrap: wrap; justify-content: space-between;\"><span>Saturday<\/span> 9.00 &#8211; 8.00 pm<\/div>\t\t\t\t\t\t<\/div>\n\t\t\t\t<\/div>\n\t\t\t\t<div class=\"elementor-element elementor-element-2bd9bfc5 elementor-widget elementor-widget-text-editor\" data-id=\"2bd9bfc5\" data-element_type=\"widget\" data-widget_type=\"text-editor.default\">\n\t\t\t\t<div class=\"elementor-widget-container\">\n\t\t\t\t\t\t\t<div style=\"display: flex; flex-wrap: wrap; justify-content: space-between;\"><span>Sunday<\/span> 10.00 &#8211; 9.00 pm<\/div>\t\t\t\t\t\t<\/div>\n\t\t\t\t<\/div>\n\t\t\t\t\t<\/div>\n\t\t<\/div>\n\t\t\t\t\t\t\t<\/div>\n\t\t<\/section>\n\t\t\t\t\t<\/div>\n\t\t<\/div>\n\t\t\t\t<div class=\"elementor-column elementor-col-33 elementor-top-column elementor-element elementor-element-735cb437\" data-id=\"735cb437\" data-element_type=\"column\">\n\t\t\t<div class=\"elementor-widget-wrap elementor-element-populated\">\n\t\t\t\t\t\t\t\t<div class=\"elementor-element elementor-element-71052cf1 elementor-button-align-stretch elementor-widget elementor-widget-form\" data-id=\"71052cf1\" data-element_type=\"widget\" data-settings=\"{&quot;step_next_label&quot;:&quot;Next&quot;,&quot;step_previous_label&quot;:&quot;Previous&quot;,&quot;button_width&quot;:&quot;100&quot;,&quot;step_type&quot;:&quot;number_text&quot;,&quot;step_icon_shape&quot;:&quot;circle&quot;}\" data-widget_type=\"form.default\">\n\t\t\t\t<div class=\"elementor-widget-container\">\n\t\t\t\t\t<form class=\"elementor-form\" method=\"post\" name=\"New Form\">\n\t\t\t<input type=\"hidden\" name=\"post_id\" value=\"16360\"\/>\n\t\t\t<input type=\"hidden\" name=\"form_id\" value=\"71052cf1\"\/>\n\t\t\t<input type=\"hidden\" name=\"referer_title\" value=\"\" \/>\n\n\t\t\t\n\t\t\t<div class=\"elementor-form-fields-wrapper elementor-labels-above\">\n\t\t\t\t\t\t\t\t<div class=\"elementor-field-type-text elementor-field-group elementor-column elementor-field-group-name elementor-col-50\">\n\t\t\t\t\t\t\t\t\t\t\t\t<label for=\"form-field-name\" class=\"elementor-field-label\">\n\t\t\t\t\t\t\t\tEmer\t\t\t\t\t\t\t<\/label>\n\t\t\t\t\t\t\t\t\t\t\t\t\t\t<input size=\"1\" type=\"text\" name=\"form_fields[name]\" id=\"form-field-name\" class=\"elementor-field elementor-size-sm  elementor-field-textual\" placeholder=\"Emer\">\n\t\t\t\t\t\t\t\t\t\t\t<\/div>\n\t\t\t\t\t\t\t\t<div class=\"elementor-field-type-text elementor-field-group elementor-column elementor-field-group-field_edd33a9 elementor-col-50\">\n\t\t\t\t\t\t\t\t\t\t\t\t<label for=\"form-field-field_edd33a9\" class=\"elementor-field-label\">\n\t\t\t\t\t\t\t\tMbiemer\t\t\t\t\t\t\t<\/label>\n\t\t\t\t\t\t\t\t\t\t\t\t\t\t<input size=\"1\" type=\"text\" name=\"form_fields[field_edd33a9]\" id=\"form-field-field_edd33a9\" class=\"elementor-field elementor-size-sm  elementor-field-textual\" placeholder=\"Mbiemer\">\n\t\t\t\t\t\t\t\t\t\t\t<\/div>\n\t\t\t\t\t\t\t\t<div class=\"elementor-field-type-tel elementor-field-group elementor-column elementor-field-group-field_daf504c elementor-col-50\">\n\t\t\t\t\t\t\t\t\t\t\t\t<label for=\"form-field-field_daf504c\" class=\"elementor-field-label\">\n\t\t\t\t\t\t\t\tNr Telefoni\t\t\t\t\t\t\t<\/label>\n\t\t\t\t\t\t\t\t<input size=\"1\" type=\"tel\" name=\"form_fields[field_daf504c]\" id=\"form-field-field_daf504c\" class=\"elementor-field elementor-size-sm  elementor-field-textual\" placeholder=\"Nr Telefoni\" pattern=\"[0-9()#&amp;+*-=.]+\" title=\"Only numbers and phone characters (#, -, *, etc) are accepted.\">\n\n\t\t\t\t\t\t<\/div>\n\t\t\t\t\t\t\t\t<div class=\"elementor-field-type-email elementor-field-group elementor-column elementor-field-group-email elementor-col-50 elementor-field-required\">\n\t\t\t\t\t\t\t\t\t\t\t\t<label for=\"form-field-email\" class=\"elementor-field-label\">\n\t\t\t\t\t\t\t\tEmail\t\t\t\t\t\t\t<\/label>\n\t\t\t\t\t\t\t\t\t\t\t\t\t\t<input size=\"1\" type=\"email\" name=\"form_fields[email]\" id=\"form-field-email\" class=\"elementor-field elementor-size-sm  elementor-field-textual\" placeholder=\"Email\" required=\"required\" aria-required=\"true\">\n\t\t\t\t\t\t\t\t\t\t\t<\/div>\n\t\t\t\t\t\t\t\t<div class=\"elementor-field-type-date elementor-field-group elementor-column elementor-field-group-field_e2ae07a elementor-col-50\">\n\t\t\t\t\t\t\t\t\t\t\t\t<label for=\"form-field-field_e2ae07a\" class=\"elementor-field-label\">\n\t\t\t\t\t\t\t\tData\t\t\t\t\t\t\t<\/label>\n\t\t\t\t\t\t\n\t\t<input type=\"date\" name=\"form_fields[field_e2ae07a]\" id=\"form-field-field_e2ae07a\" class=\"elementor-field elementor-size-sm  elementor-field-textual elementor-date-field\" placeholder=\"Data\" pattern=\"[0-9]{4}-[0-9]{2}-[0-9]{2}\">\n\t\t\t\t\t\t<\/div>\n\t\t\t\t\t\t\t\t<div class=\"elementor-field-type-time elementor-field-group elementor-column elementor-field-group-field_6ca2d0a elementor-col-50\">\n\t\t\t\t\t\t\t\t\t\t\t\t<label for=\"form-field-field_6ca2d0a\" class=\"elementor-field-label\">\n\t\t\t\t\t\t\t\tOra\t\t\t\t\t\t\t<\/label>\n\t\t\t\t\t\t\t\t<input type=\"time\" name=\"form_fields[field_6ca2d0a]\" id=\"form-field-field_6ca2d0a\" class=\"elementor-field elementor-size-sm  elementor-field-textual elementor-time-field\" placeholder=\"Ora\">\n\t\t\t\t\t\t<\/div>\n\t\t\t\t\t\t\t\t<div class=\"elementor-field-type-select elementor-field-group elementor-column elementor-field-group-field_9b37df9 elementor-col-100\">\n\t\t\t\t\t\t\t\t\t\t\t\t<label for=\"form-field-field_9b37df9\" class=\"elementor-field-label\">\n\t\t\t\t\t\t\t\tZgjidh Sherbimin\t\t\t\t\t\t\t<\/label>\n\t\t\t\t\t\t\t\t<div class=\"elementor-field elementor-select-wrapper remove-before \">\n\t\t\t<div class=\"select-caret-down-wrapper\">\n\t\t\t\t<i aria-hidden=\"true\" class=\"eicon-caret-down\"><\/i>\t\t\t<\/div>\n\t\t\t<select name=\"form_fields[field_9b37df9]\" id=\"form-field-field_9b37df9\" class=\"elementor-field-textual elementor-size-sm\">\n\t\t\t\t\t\t\t\t\t<option value=\"Retainer\">Retainer<\/option>\n\t\t\t\t\t\t\t\t\t<option value=\"Modelim i gingive\">Modelim i gingive<\/option>\n\t\t\t\t\t\t\t\t\t<option value=\"Ekstraksioni kirurgjikal i dhembit\">Ekstraksioni kirurgjikal i dhembit<\/option>\n\t\t\t\t\t\t\t\t\t<option value=\"Ekstraksion Dhembi\">Ekstraksion Dhembi<\/option>\n\t\t\t\t\t\t\t\t\t<option value=\"Invisalign\">Invisalign<\/option>\n\t\t\t\t\t\t\t\t\t<option value=\"All on 6 me dhembe zirkoni\">All on 6 me dhembe zirkoni<\/option>\n\t\t\t\t\t\t\t\t\t<option value=\"All on 4 me dhembe zirkoni\">All on 4 me dhembe zirkoni<\/option>\n\t\t\t\t\t\t\t\t\t<option value=\"Lift Sinus Maksilar\">Lift Sinus Maksilar<\/option>\n\t\t\t\t\t\t\t\t\t<option value=\"Fasetat Dentare E-Max\">Fasetat Dentare E-Max<\/option>\n\t\t\t\t\t\t\t\t\t<option value=\"Korona Dentare me element zirkon e-max\">Korona Dentare me element zirkon e-max<\/option>\n\t\t\t\t\t\t\t\t\t<option value=\"Korona dentare me element full zirkoni\">Korona dentare me element full zirkoni<\/option>\n\t\t\t\t\t\t\t\t\t<option value=\"Korona dentare me element zirkoni\">Korona dentare me element zirkoni<\/option>\n\t\t\t\t\t\t\t\t\t<option value=\"Element Crom Kobalt porcelan me cad cam\">Element Crom Kobalt porcelan me cad cam<\/option>\n\t\t\t\t\t\t\t\t\t<option value=\"Korona dentare metal Porcelani\">Korona dentare metal Porcelani<\/option>\n\t\t\t\t\t\t\t\t\t<option value=\"Proteze e skeletuar\">Proteze e skeletuar<\/option>\n\t\t\t\t\t\t\t\t\t<option value=\"Radiografia dentare dixhitale\">Radiografia dentare dixhitale<\/option>\n\t\t\t\t\t\t\t\t\t<option value=\"Ribazim Proteze\">Ribazim Proteze<\/option>\n\t\t\t\t\t\t\t\t\t<option value=\"Riparim Proteze Dentare\">Riparim Proteze Dentare<\/option>\n\t\t\t\t\t\t\t\t\t<option value=\"Zgjidh Sherbimin\">Zgjidh Sherbimin<\/option>\n\t\t\t\t\t\t\t<\/select>\n\t\t<\/div>\n\t\t\t\t\t\t<\/div>\n\t\t\t\t\t\t\t\t<div class=\"elementor-field-group elementor-column elementor-field-type-submit elementor-col-100 e-form__buttons\">\n\t\t\t\t\t<button type=\"submit\" class=\"elementor-button elementor-size-sm\">\n\t\t\t\t\t\t<span >\n\t\t\t\t\t\t\t\t\t\t\t\t\t\t\t<span class=\" elementor-button-icon\">\n\t\t\t\t\t\t\t\t\t\t\t\t\t\t\t\t\t\t\t\t\t\t\t\t\t\t<\/span>\n\t\t\t\t\t\t\t\t\t\t\t\t\t\t\t\t\t\t\t\t\t\t<span class=\"elementor-button-text\">Send<\/span>\n\t\t\t\t\t\t\t\t\t\t\t\t\t<\/span>\n\t\t\t\t\t<\/button>\n\t\t\t\t<\/div>\n\t\t\t<\/div>\n\t\t<\/form>\n\t\t\t\t<\/div>\n\t\t\t\t<\/div>\n\t\t\t\t\t<\/div>\n\t\t<\/div>\n\t\t\t\t<div class=\"elementor-column elementor-col-33 elementor-top-column elementor-element elementor-element-5b3cf2a3\" data-id=\"5b3cf2a3\" data-element_type=\"column\">\n\t\t\t<div class=\"elementor-widget-wrap elementor-element-populated\">\n\t\t\t\t\t\t\t\t<section data-particle_enable=\"false\" data-particle-mobile-disabled=\"false\" class=\"elementor-section elementor-inner-section elementor-element elementor-element-40823a00 widget-border-left secondary elementor-section-boxed elementor-section-height-default elementor-section-height-default\" data-id=\"40823a00\" data-element_type=\"section\" data-settings=\"{&quot;background_background&quot;:&quot;classic&quot;}\">\n\t\t\t\t\t\t\t<div class=\"elementor-background-overlay\"><\/div>\n\t\t\t\t\t\t\t<div class=\"elementor-container elementor-column-gap-no\">\n\t\t\t\t\t<div class=\"elementor-column elementor-col-100 elementor-inner-column elementor-element elementor-element-7109f4ba\" data-id=\"7109f4ba\" data-element_type=\"column\">\n\t\t\t<div class=\"elementor-widget-wrap elementor-element-populated\">\n\t\t\t\t\t\t\t\t<div class=\"elementor-element elementor-element-a1d647b elementor-view-default elementor-widget elementor-widget-icon\" data-id=\"a1d647b\" data-element_type=\"widget\" data-widget_type=\"icon.default\">\n\t\t\t\t<div class=\"elementor-widget-container\">\n\t\t\t\t\t<div class=\"elementor-icon-wrapper\">\n\t\t\t<div class=\"elementor-icon elementor-animation-wobble-vertical\">\n\t\t\t<svg xmlns=\"http:\/\/www.w3.org\/2000\/svg\" viewBox=\"0 0 64 64\"><path d=\"m26.385 46.191-7.84-14.851-5 2a20.015 20.015 0 0 1 .018-13.706l6.077 2.01 6.7-15.877-.476-.476c-3.389-3.391-10.779-3.565-14.364-.348-.123.107-.6.584-.668.665a29.8 29.8 0 0 0 -.041 41.74c.108.125.586.6.7.7a7.9 7.9 0 0 0 4.484 1.819l.015.607-2.541 1.694a1 1 0 0 0 .312 1.8l1.962.49-2.323 1.742a1 1 0 0 0 .357 1.77l1.807.452-1.119.746a1 1 0 0 0 -.445.832v1a1 1 0 0 0 2 0v-.465l2.555-1.7a1 1 0 0 0 -.312-1.8l-1.962-.49 2.319-1.745a1 1 0 0 0 -.357-1.77l-1.807-.452 1.119-.746a1 1 0 0 0 .445-.857l-.028-1.07a12.619 12.619 0 0 0 7.892-3.192zm-13.574.358c-.089-.077-.432-.42-.548-.551a27.843 27.843 0 0 1 .037-39.04c.075-.087.418-.43.518-.517a8.575 8.575 0 0 1 5.618-1.8 9.228 9.228 0 0 1 5.516 1.629l-5.435 12.892-4.325-1.431a2.012 2.012 0 0 0 -2.505 1.195 22.061 22.061 0 0 0 -.02 15.093 1.95 1.95 0 0 0 1.045 1.121 2.031 2.031 0 0 0 1.568.037l3.334-1.319 6.293 11.923c-2.866 2.276-8.497 3.098-11.096.768z\"><\/path><path d=\"m43 46a19 19 0 1 1 19-19 19.021 19.021 0 0 1 -19 19zm0-36a17 17 0 1 0 17 17 17.019 17.019 0 0 0 -17-17z\"><\/path><path d=\"m53 22h-5v-5a2 2 0 0 0 -2-2h-6a2 2 0 0 0 -2 2v5h-5a2 2 0 0 0 -2 2v6a2 2 0 0 0 2 2h5v5a2 2 0 0 0 2 2h6a2 2 0 0 0 2-2v-5h5a2 2 0 0 0 2-2v-6a2 2 0 0 0 -2-2zm0 8h-5a2 2 0 0 0 -2 2v5h-6v-5a2 2 0 0 0 -2-2h-5v-6h5a2 2 0 0 0 2-2v-5h6v5a2 2 0 0 0 2 2h5z\"><\/path><\/svg>\t\t\t<\/div>\n\t\t<\/div>\n\t\t\t\t<\/div>\n\t\t\t\t<\/div>\n\t\t\t\t<div class=\"elementor-element elementor-element-10a60bfd elementor-widget elementor-widget-heading\" data-id=\"10a60bfd\" data-element_type=\"widget\" data-widget_type=\"heading.default\">\n\t\t\t\t<div class=\"elementor-widget-container\">\n\t\t\t<h3 class=\"elementor-heading-title elementor-size-default\">Na Telefononi<\/h3>\t\t<\/div>\n\t\t\t\t<\/div>\n\t\t\t\t<div class=\"elementor-element elementor-element-2b9c361c elementor-widget elementor-widget-text-editor\" data-id=\"2b9c361c\" data-element_type=\"widget\" data-widget_type=\"text-editor.default\">\n\t\t\t\t<div class=\"elementor-widget-container\">\n\t\t\t\t\t\t\t<p>Ju lutemi ndjehuni t\u00eb mir\u00ebpritur t\u00eb kontaktoni stafin ton\u00eb p\u00ebr \u00e7do pyetje.<\/p>\t\t\t\t\t\t<\/div>\n\t\t\t\t<\/div>\n\t\t\t\t<div class=\"elementor-element elementor-element-665a0266 elementor-widget__width-auto elementor-view-default elementor-widget elementor-widget-icon\" data-id=\"665a0266\" data-element_type=\"widget\" data-widget_type=\"icon.default\">\n\t\t\t\t<div class=\"elementor-widget-container\">\n\t\t\t\t\t<div class=\"elementor-icon-wrapper\">\n\t\t\t<div class=\"elementor-icon\">\n\t\t\t<i aria-hidden=\"true\" class=\"fas fa-phone-alt\"><\/i>\t\t\t<\/div>\n\t\t<\/div>\n\t\t\t\t<\/div>\n\t\t\t\t<\/div>\n\t\t\t\t<div class=\"elementor-element elementor-element-68ab04e8 elementor-widget__width-auto elementor-widget elementor-widget-heading\" data-id=\"68ab04e8\" data-element_type=\"widget\" data-widget_type=\"heading.default\">\n\t\t\t\t<div class=\"elementor-widget-container\">\n\t\t\t<h3 class=\"elementor-heading-title elementor-size-default\"><a href=\"tel:+355672221996\" target=\"_blank\" rel=\"nofollow\">+355672221996<\/a><\/h3>\t\t<\/div>\n\t\t\t\t<\/div>\n\t\t\t\t\t<\/div>\n\t\t<\/div>\n\t\t\t\t\t\t\t<\/div>\n\t\t<\/section>\n\t\t\t\t\t<\/div>\n\t\t<\/div>\n\t\t\t\t\t\t\t<\/div>\n\t\t<\/section>\n\t\t\t\t<section data-particle_enable=\"false\" data-particle-mobile-disabled=\"false\" class=\"elementor-section elementor-top-section elementor-element elementor-element-34249d78 elementor-section-boxed elementor-section-height-default elementor-section-height-default\" data-id=\"34249d78\" data-element_type=\"section\">\n\t\t\t\t\t\t<div class=\"elementor-container elementor-column-gap-default\">\n\t\t\t\t\t<div class=\"elementor-column elementor-col-100 elementor-top-column elementor-element elementor-element-5a26ba00\" data-id=\"5a26ba00\" data-element_type=\"column\">\n\t\t\t<div class=\"elementor-widget-wrap\">\n\t\t\t\t\t\t\t\t\t<\/div>\n\t\t<\/div>\n\t\t\t\t\t\t\t<\/div>\n\t\t<\/section>\n\t\t\t\t\t\t\t<\/div>\n\t\t","protected":false},"excerpt":{"rendered":"<p>Orari i hapjes Monday &#8211; Friday 8.00 &#8211; 7:00 pmSaturday 9.00 &#8211; 8.00 pmSunday 10.00 &#8211; 9.00 pm Na Telefononi Ju lutemi ndjehuni t\u00eb mir\u00ebpritur t\u00eb kontaktoni stafin ton\u00eb p\u00ebr \u00e7do pyetje. +355672221996<\/p>\n","protected":false},"author":1,"featured_media":0,"parent":0,"menu_order":0,"comment_status":"closed","ping_status":"closed","template":"elementor_header_footer","meta":{"footnotes":""},"_links":{"self":[{"href":"https:\/\/didadental.al\/index.php?rest_route=\/wp\/v2\/pages\/16360"}],"collection":[{"href":"https:\/\/didadental.al\/index.php?rest_route=\/wp\/v2\/pages"}],"about":[{"href":"https:\/\/didadental.al\/index.php?rest_route=\/wp\/v2\/types\/page"}],"author":[{"embeddable":true,"href":"https:\/\/didadental.al\/index.php?rest_route=\/wp\/v2\/users\/1"}],"replies":[{"embeddable":true,"href":"https:\/\/didadental.al\/index.php?rest_route=%2Fwp%2Fv2%2Fcomments&post=16360"}],"version-history":[{"count":22,"href":"https:\/\/didadental.al\/index.php?rest_route=\/wp\/v2\/pages\/16360\/revisions"}],"predecessor-version":[{"id":16388,"href":"https:\/\/didadental.al\/index.php?rest_route=\/wp\/v2\/pages\/16360\/revisions\/16388"}],"wp:attachment":[{"href":"https:\/\/didadental.al\/index.php?rest_route=%2Fwp%2Fv2%2Fmedia&parent=16360"}],"curies":[{"name":"wp","href":"https:\/\/api.w.org\/{rel}","templated":true}]}}